{"id":124,"date":"2025-08-14T14:48:34","date_gmt":"2025-08-14T15:48:34","guid":{"rendered":"https:\/\/www.universdekleo.fr\/?page_id=124"},"modified":"2026-02-17T18:47:17","modified_gmt":"2026-02-17T19:47:17","slug":"livres","status":"publish","type":"page","link":"https:\/\/www.universdekleo.fr\/index.php\/livres\/","title":{"rendered":"livres"},"content":{"rendered":"\t\t<div data-elementor-type=\"wp-page\" data-elementor-id=\"124\" class=\"elementor elementor-124\">\n\t\t\t\t<div class=\"elementor-element elementor-element-57e6d6f e-flex e-con-boxed e-con e-parent\" data-id=\"57e6d6f\" data-element_type=\"container\" data-e-type=\"container\">\n\t\t\t\t\t<div class=\"e-con-inner\">\n\t\t<div class=\"elementor-element elementor-element-5db975a e-con-full e-flex e-con e-child\" data-id=\"5db975a\" data-element_type=\"container\" data-e-type=\"container\">\n\t\t\t\t<div class=\"elementor-element elementor-element-498591f elementor-widget elementor-widget-html\" data-id=\"498591f\" data-element_type=\"widget\" data-e-type=\"widget\" data-widget_type=\"html.default\">\n\t\t\t\t\t<style>\n.bouton-noir {\n  display: inline-block;\n  padding: 12px 24px;   \n  background: #440270;\n  color: #fff;       \n  text-decoration: none;    \n  border: none;             \n  border-radius: 5px;       \n  font-family: Arial, sans-serif; \n  font-size: 16px;          \n  cursor: pointer;          \n  transition: background-color 0.3s; \n}\n\n.bouton-noir:hover {\n  background: #6a00b0;\n  color :#FFFFFF;\n}\n<\/style>\n\n<h2>R\u00e9sum\u00e9<\/h2>\n\n<p>Lorsque Samuele revient \u00e0 Paris, il n\u2019a qu\u2019un objectif en t\u00eate : vaincre les Marbria et s\u2019approprier leur bien le plus pr\u00e9cieux afin d\u2019assouvir sa soif de vengeance apr\u00e8s tant de souffrances.\nD\u00e9termin\u00e9, il se lance dans cette qu\u00eate qu\u2019il esp\u00e8re \u00eatre sa plus grande victoire. Pour y parvenir sans \u00e9veiller de soup\u00e7ons, il choisit de se faire passer pour un alli\u00e9 plut\u00f4t que pour un ennemi.\nLorsqu\u2019il recroise une femme de son pass\u00e9, il voit en elle l\u2019instrument parfait pour accomplir son plan. Il pr\u00e9voit de la manipuler, convaincu que son c\u0153ur est depuis longtemps inaccessible.\nPourtant, l\u2019homme sans c\u0153ur qu\u2019il pensait \u00eatre se retrouve boulevers\u00e9 par cette relation naissante. Comment trahir quelqu\u2019un capable de fissurer un c\u0153ur qu\u2019il croyait imp\u00e9n\u00e9trable ?\nUn dilemme s\u2019impose alors \u00e0 lui : ira\u2011t\u2011il jusqu\u2019au bout de sa vengeance, sacrifiant l\u2019amour qu\u2019il d\u00e9couvre, ou renoncera\u2011t\u2011il \u00e0 son plan pour prot\u00e9ger celle qui a r\u00e9veill\u00e9 le petit Sam ?<\/p>\n\n<a href=\"https:\/\/www.amazon.fr\/%C3%80-lombre-vengeance-Viens-enfer-ebook\/dp\/B0GMDL37LT\" class=\"bouton-noir\">Acheter<\/a>\t\t\t\t<\/div>\n\t\t\t\t<\/div>\n\t\t<div class=\"elementor-element elementor-element-7ed6a11 e-con-full e-flex e-con e-child\" data-id=\"7ed6a11\" data-element_type=\"container\" data-e-type=\"container\">\n\t\t\t\t<div class=\"elementor-element elementor-element-dc37ce0 elementor-widget elementor-widget-image\" data-id=\"dc37ce0\" data-element_type=\"widget\" data-e-type=\"widget\" data-widget_type=\"image.default\">\n\t\t\t\t\t\t\t\t\t\t\t\t\t\t\t<img alt=\"\" fetchpriority=\"high\" decoding=\"async\" width=\"642\" height=\"1024\" src=\"https:\/\/www.universdekleo.fr\/wp-content\/uploads\/2026\/02\/Couverture-de-livre-roman-colore-moderne-illustratif-642x1024.png\" class=\"attachment-large size-large wp-image-309\" alt=\"\" srcset=\"https:\/\/www.universdekleo.fr\/wp-content\/uploads\/2026\/02\/Couverture-de-livre-roman-colore-moderne-illustratif-642x1024.png 642w, https:\/\/www.universdekleo.fr\/wp-content\/uploads\/2026\/02\/Couverture-de-livre-roman-colore-moderne-illustratif-188x300.png 188w, https:\/\/www.universdekleo.fr\/wp-content\/uploads\/2026\/02\/Couverture-de-livre-roman-colore-moderne-illustratif-768x1226.png 768w, https:\/\/www.universdekleo.fr\/wp-content\/uploads\/2026\/02\/Couverture-de-livre-roman-colore-moderne-illustratif-963x1536.png 963w, https:\/\/www.universdekleo.fr\/wp-content\/uploads\/2026\/02\/Couverture-de-livre-roman-colore-moderne-illustratif-1283x2048.png 1283w, https:\/\/www.universdekleo.fr\/wp-content\/uploads\/2026\/02\/Couverture-de-livre-roman-colore-moderne-illustratif.png 1410w\" sizes=\"(max-width: 642px) 100vw, 642px\" \/>\t\t\t\t\t\t\t\t\t\t\t\t\t\t\t<\/div>\n\t\t\t\t<\/div>\n\t\t\t\t\t<\/div>\n\t\t\t\t<\/div>\n\t\t<div class=\"elementor-element elementor-element-a6e07c6 e-flex e-con-boxed e-con e-parent\" data-id=\"a6e07c6\" data-element_type=\"container\" data-e-type=\"container\">\n\t\t\t\t\t<div class=\"e-con-inner\">\n\t\t<div class=\"elementor-element elementor-element-395e761 e-con-full e-flex e-con e-child\" data-id=\"395e761\" data-element_type=\"container\" data-e-type=\"container\">\n\t\t\t\t<div class=\"elementor-element elementor-element-6e9bcf5 elementor-widget elementor-widget-image\" data-id=\"6e9bcf5\" data-element_type=\"widget\" data-e-type=\"widget\" data-widget_type=\"image.default\">\n\t\t\t\t\t\t\t\t\t\t\t\t\t\t\t<img alt=\"\" decoding=\"async\" width=\"565\" height=\"797\" src=\"https:\/\/www.universdekleo.fr\/wp-content\/uploads\/2025\/08\/496623924_3796834473941509_7019292168089994561_n-1.png\" class=\"attachment-medium_large size-medium_large wp-image-153\" alt=\"\" srcset=\"https:\/\/www.universdekleo.fr\/wp-content\/uploads\/2025\/08\/496623924_3796834473941509_7019292168089994561_n-1.png 565w, https:\/\/www.universdekleo.fr\/wp-content\/uploads\/2025\/08\/496623924_3796834473941509_7019292168089994561_n-1-213x300.png 213w\" sizes=\"(max-width: 565px) 100vw, 565px\" \/>\t\t\t\t\t\t\t\t\t\t\t\t\t\t\t<\/div>\n\t\t\t\t<\/div>\n\t\t\t\t<div class=\"elementor-element elementor-element-021f5d7 elementor-widget elementor-widget-html\" data-id=\"021f5d7\" data-element_type=\"widget\" data-e-type=\"widget\" data-widget_type=\"html.default\">\n\t\t\t\t\t<style>\n.bouton-noir {\n  display: inline-block;\n  padding: 12px 24px;   \n  background: #440270;\n  color: #fff;       \n  text-decoration: none;    \n  border: none;             \n  border-radius: 5px;       \n  font-family: Arial, sans-serif; \n  font-size: 16px;          \n  cursor: pointer;          \n  transition: background-color 0.3s; \n}\n\n.bouton-noir:hover {\n  background: #6a00b0;\n  color :#FFFFFF;\n}\n<\/style>\n\n<h2>R\u00e9sum\u00e9<\/h2>\n<p>Cet \u00e9t\u00e9, pour la premi\u00e8re fois de sa vie, G\u00e9d\u00e9on, brillant avocat parisien et \u00e9ternel c\u00e9libataire, accepte enfin de ranger sa robe pour cinq semaines de vacances entre amis.<\/p>\n<p>Un road trip en l'honneur du mariage de l'un d'eux. Mais ce s\u00e9jour, en apparence sans cons\u00e9quence, va bousculer bien plus que ses certitudes professionnelles et amicales.\nEntre les difficult\u00e9s du camping, une histoire d'amour impr\u00e9vue, des piq\u00fbres de m\u00e9duses et des parties de scrabble anim\u00e9es, GD va r\u00e9aliser qu'il n'y a pas d'\u00e2ge pour devenir (un peu) moins coinc\u00e9 et (beaucoup) plus vivant.<\/p>\n<p>Bouclez votre ceinture, rien ne va se passer comme pr\u00e9vu !<\/p>\n\n<a href=\"https:\/\/www.amazon.fr\/Costard-claquettes-flirt-haut-risque-ebook\/dp\/B0FHKYF65B\" class=\"bouton-noir\">Acheter<\/a>\n\t\t\t\t<\/div>\n\t\t\t\t\t<\/div>\n\t\t\t\t<\/div>\n\t\t<div class=\"elementor-element elementor-element-a208563 e-flex e-con-boxed e-con e-parent\" data-id=\"a208563\" data-element_type=\"container\" data-e-type=\"container\">\n\t\t\t\t\t<div class=\"e-con-inner\">\n\t\t<div class=\"elementor-element elementor-element-ce04bef e-con-full e-flex e-con e-child\" data-id=\"ce04bef\" data-element_type=\"container\" data-e-type=\"container\">\n\t\t\t\t<div class=\"elementor-element elementor-element-98652b1 elementor-widget elementor-widget-html\" data-id=\"98652b1\" data-element_type=\"widget\" data-e-type=\"widget\" data-widget_type=\"html.default\">\n\t\t\t\t\t<h2>R\u00e9sum\u00e9<\/h2>\n<p>La perte, le sang, le mensonge sont tout ce que S\u00e9l\u00e9n\u00e9 conna\u00eet d\u00e9sormais. Apr\u00e8s avoir \u00e9t\u00e9 arrach\u00e9e \u00e0 ses terres, elle, fille de la glorieuse Cl\u00e9op\u00e2tre, jure de redonner toute sa splendeur d'antan \u00e0 l\u2019\u00c9gypte.<\/p>\n<p>Le fils du roi berb\u00e8re, Juba, croise son chemin lors de la chute du tr\u00f4ne d'Orient. Sa beaut\u00e9 le subjugue et son amour pour elle n'aura de cesse de le d\u00e9vorer. Cependant, prisonni\u00e8re de l'Empire romain, elle le hait autant que celui qui a d\u00e9truit son monde.<\/p>\n<p>Le long combat de S\u00e9l\u00e9n\u00e9 pour rendre le tr\u00f4ne \u00e0 son fr\u00e8re jumeau, Alexandre, et ainsi honorer la promesse faite \u00e0 sa d\u00e9funte m\u00e8re commence alors. Elle, fille de la \u00ab catin \u00bb d'\u00c9gypte, va bient\u00f4t recevoir un appel inattendu des dieux, mais, y r\u00e9pondra-t-elle ?<\/p>\n<p>Peuvent-ils se fier les uns aux autres ? S\u00e9l\u00e9n\u00e9 acceptera-t-elle sa destin\u00e9e ? Que leur r\u00e9serve cette nouvelle patrie ?<\/p>\n<p>La Fille de la Lune fera-t-elle trembler Rome ?<\/p>\n\n<a href=\"https:\/\/www.amazon.fr\/Cleop%C3%A2tra-S%C3%A9l%C3%A9n%C3%A9-esclave-indompt%C3%A9e-Kleo-ebook\/dp\/B0F7234CL1\" class=\"bouton-noir\">Acheter<\/a>\t\t\t\t<\/div>\n\t\t\t\t<\/div>\n\t\t<div class=\"elementor-element elementor-element-868e7be e-con-full e-flex e-con e-child\" data-id=\"868e7be\" data-element_type=\"container\" data-e-type=\"container\">\n\t\t\t\t<div class=\"elementor-element elementor-element-4fab6f7 elementor-widget elementor-widget-image\" data-id=\"4fab6f7\" data-element_type=\"widget\" data-e-type=\"widget\" data-widget_type=\"image.default\">\n\t\t\t\t\t\t\t\t\t\t\t\t\t\t\t<img alt=\"\" decoding=\"async\" width=\"642\" height=\"1024\" src=\"https:\/\/www.universdekleo.fr\/wp-content\/uploads\/2025\/08\/couverture-cleopatre-selene-642x1024.jpg\" class=\"attachment-large size-large wp-image-174\" alt=\"\" srcset=\"https:\/\/www.universdekleo.fr\/wp-content\/uploads\/2025\/08\/couverture-cleopatre-selene-642x1024.jpg 642w, https:\/\/www.universdekleo.fr\/wp-content\/uploads\/2025\/08\/couverture-cleopatre-selene-188x300.jpg 188w, https:\/\/www.universdekleo.fr\/wp-content\/uploads\/2025\/08\/couverture-cleopatre-selene-768x1226.jpg 768w, https:\/\/www.universdekleo.fr\/wp-content\/uploads\/2025\/08\/couverture-cleopatre-selene-963x1536.jpg 963w, https:\/\/www.universdekleo.fr\/wp-content\/uploads\/2025\/08\/couverture-cleopatre-selene-1283x2048.jpg 1283w, https:\/\/www.universdekleo.fr\/wp-content\/uploads\/2025\/08\/couverture-cleopatre-selene.jpg 1410w\" sizes=\"(max-width: 642px) 100vw, 642px\" \/>\t\t\t\t\t\t\t\t\t\t\t\t\t\t\t<\/div>\n\t\t\t\t<\/div>\n\t\t\t\t\t<\/div>\n\t\t\t\t<\/div>\n\t\t<div class=\"elementor-element elementor-element-995d189 e-flex e-con-boxed e-con e-parent\" data-id=\"995d189\" data-element_type=\"container\" data-e-type=\"container\">\n\t\t\t\t\t<div class=\"e-con-inner\">\n\t\t<div class=\"elementor-element elementor-element-cb76bf3 e-con-full e-flex e-con e-child\" data-id=\"cb76bf3\" data-element_type=\"container\" data-e-type=\"container\">\n\t\t\t\t<div class=\"elementor-element elementor-element-b55e81b elementor-widget elementor-widget-image\" data-id=\"b55e81b\" data-element_type=\"widget\" data-e-type=\"widget\" data-widget_type=\"image.default\">\n\t\t\t\t\t\t\t\t\t\t\t\t\t\t\t<img alt=\"\" loading=\"lazy\" decoding=\"async\" width=\"565\" height=\"797\" src=\"https:\/\/www.universdekleo.fr\/wp-content\/uploads\/2025\/08\/couverture-tsarine.jpg\" class=\"attachment-large size-large wp-image-178\" alt=\"\" srcset=\"https:\/\/www.universdekleo.fr\/wp-content\/uploads\/2025\/08\/couverture-tsarine.jpg 565w, https:\/\/www.universdekleo.fr\/wp-content\/uploads\/2025\/08\/couverture-tsarine-213x300.jpg 213w\" sizes=\"(max-width: 565px) 100vw, 565px\" \/>\t\t\t\t\t\t\t\t\t\t\t\t\t\t\t<\/div>\n\t\t\t\t<\/div>\n\t\t<div class=\"elementor-element elementor-element-fe00862 e-con-full e-flex e-con e-child\" data-id=\"fe00862\" data-element_type=\"container\" data-e-type=\"container\">\n\t\t\t\t<div class=\"elementor-element elementor-element-08b88e6 elementor-widget elementor-widget-html\" data-id=\"08b88e6\" data-element_type=\"widget\" data-e-type=\"widget\" data-widget_type=\"html.default\">\n\t\t\t\t\t<h2>R\u00e9sum\u00e9<\/h2>\n<strong>Asya n\u2019ob\u00e9it \u00e0 personne<\/strong>\n<p>Fille d\u2019un oligarque ukrainien, elle a grandi dans un monde o\u00f9 tout s\u2019ach\u00e8te, m\u00eame la loyaut\u00e9. Exil\u00e9e \u00e0 Paris pour \u00e9chapper aux guerres de pouvoir, elle pensait \u00eatre libre. Mais on lui impose un garde du corps.<\/p>\n<strong>Anton ne parle pas<\/strong>\n<p>Soldat de l\u2019ombre, il n\u2019a plus rien \u00e0 perdre. Prot\u00e9ger Asya, c\u2019est sa mission\u2014et sa mal\u00e9diction.<\/p>\n<strong>Elle est tout ce qu\u2019il d\u00e9teste. Trop brillante. Trop vivante. Mais entre eux, la tension vire \u00e0 l\u2019obsession.<\/strong>\n<strong>Elle veut le d\u00e9fier. Il veut la contr\u00f4ler.<\/strong>\n<p>Pi\u00e9g\u00e9s dans une ville \u00e9trang\u00e8re, traqu\u00e9s par des ennemis qu\u2019ils ne voient pas venir, chacun lutte contre ses propres d\u00e9mons. Entre luxure, trahisons familiales et secrets d\u2019enfance, jusqu\u2019o\u00f9 iront-ils avant d\u2019y laisser leur \u00e2me\u2026 ou leur c\u0153ur ?<\/p>\n<strong>Un roman noir o\u00f9 la passion peut tout sauver\u2026 ou tout d\u00e9truire.<\/strong>\n\n<a href=\"https:\/\/www.amazon.fr\/Tsarine-auraient-fuir-sont-choisis-ebook\/dp\/B0F91WJ9RY\" class=\"bouton-noir\">Acheter<\/a>\t\t\t\t<\/div>\n\t\t\t\t<\/div>\n\t\t\t\t\t<\/div>\n\t\t\t\t<\/div>\n\t\t<div class=\"elementor-element elementor-element-5c36860 e-grid e-con-boxed e-con e-parent\" data-id=\"5c36860\" data-element_type=\"container\" data-e-type=\"container\">\n\t\t\t\t\t<div class=\"e-con-inner\">\n\t\t\t\t<div class=\"elementor-element elementor-element-cc74763 elementor-widget elementor-widget-html\" data-id=\"cc74763\" data-element_type=\"widget\" data-e-type=\"widget\" data-widget_type=\"html.default\">\n\t\t\t\t\t<h2>R\u00e9sum\u00e9<\/h2>\n<strong>La magie de No\u00ebl peut-elle r\u00e9unir deux coeurs solitaires ?<\/strong>\n<p>Baroudeur endurci, Heikki ne quitterait le m\u00e9tier de ses r\u00eaves pour rien au monde. Cette ann\u00e9e, au frais du guide touristique qui l'emploie, il retourne dans son pays natal. Diners calmes \u00e0 la lumi\u00e8re des aurores bor\u00e9ales, balades en chiens de traineau et chocolat chaud au creux de la montagne, son programme se dessine d\u00e9j\u00e0 sous ses yeux. Alors, imaginez sa r\u00e9action lorsque son patron lui annonce qu'il sera accompagn\u00e9, lui, le loup solitaire ! Agathe pensait passer son stage de fin d'\u00e9tudes aux c\u00f4t\u00e9s d'une personne exp\u00e9riment\u00e9e et \u00e0 l'\u00e9coute Eh bien, elle s'est tromp\u00e9e sur toute la ligne ! Au coeur de la Laponie finlandaise, elle va devoir supporter les humeurs de cet ours mal l\u00e9ch\u00e9. Encore ce maudit karma qui la poursuit, m\u00eame au pays du P\u00e8re No\u00ebl<\/p>\n\n<a href=\"https:\/\/www.amazon.fr\/Destination-Rovaniemi-Kleo-ebook\/dp\/B0C7FM5HJB?__mk_fr_FR=%C3%85M%C3%85%C5%BD%C3%95%C3%91&crid=1IQA7DE5GWO1C&dib=eyJ2IjoiMSJ9.uxh0BuMaPerPwWARocjzD78JMU2LekIZzhOu8FZsrPQWoLntpxUsUBVvHD_-5yjyQSzPuprpnzsnZkHmREfEV7xr9MHrSRx5mY5gN0vcwGYQiiz67JVEtt6CC-lxfdwiL9P91I_3D-91H4rYcGloiNkMgBzZA_CJreFHGXvkMdUgDl_t06QzB9einIqYfS2YBtQwBpOW6qTDoR9MzKWCHkkqixmn_9XKcOE-rL_Bu3JYr95FvJajC1gecIXvYAf1efFSxxEzcsUdThPa6YmOWe4R4iH0r2c37aVvTo6Krq8.nNnkFBUFFjXdCBljhrwBdhik5RzIJA_5QQN-Gu1uw_c\" class=\"bouton-noir\">Acheter<\/a>\t\t\t\t<\/div>\n\t\t\t\t<div class=\"elementor-element elementor-element-09744f0 elementor-widget elementor-widget-image\" data-id=\"09744f0\" data-element_type=\"widget\" data-e-type=\"widget\" data-widget_type=\"image.default\">\n\t\t\t\t\t\t\t\t\t\t\t\t\t\t\t<img alt=\"\" loading=\"lazy\" decoding=\"async\" width=\"565\" height=\"797\" src=\"https:\/\/www.universdekleo.fr\/wp-content\/uploads\/2025\/08\/couverture-destination-rovaniemi.jpg\" class=\"attachment-large size-large wp-image-183\" alt=\"\" srcset=\"https:\/\/www.universdekleo.fr\/wp-content\/uploads\/2025\/08\/couverture-destination-rovaniemi.jpg 565w, https:\/\/www.universdekleo.fr\/wp-content\/uploads\/2025\/08\/couverture-destination-rovaniemi-213x300.jpg 213w\" sizes=\"(max-width: 565px) 100vw, 565px\" \/>\t\t\t\t\t\t\t\t\t\t\t\t\t\t\t<\/div>\n\t\t\t\t\t<\/div>\n\t\t\t\t<\/div>\n\t\t<div class=\"elementor-element elementor-element-2f271b4 e-grid e-con-boxed e-con e-parent\" data-id=\"2f271b4\" data-element_type=\"container\" data-e-type=\"container\">\n\t\t\t\t\t<div class=\"e-con-inner\">\n\t\t\t\t<div class=\"elementor-element elementor-element-f955d9e elementor-widget elementor-widget-image\" data-id=\"f955d9e\" data-element_type=\"widget\" data-e-type=\"widget\" data-widget_type=\"image.default\">\n\t\t\t\t\t\t\t\t\t\t\t\t\t\t\t<img alt=\"\" loading=\"lazy\" decoding=\"async\" width=\"565\" height=\"797\" src=\"https:\/\/www.universdekleo.fr\/wp-content\/uploads\/2025\/08\/couverture-merytamon.jpg\" class=\"attachment-large size-large wp-image-187\" alt=\"\" srcset=\"https:\/\/www.universdekleo.fr\/wp-content\/uploads\/2025\/08\/couverture-merytamon.jpg 565w, https:\/\/www.universdekleo.fr\/wp-content\/uploads\/2025\/08\/couverture-merytamon-213x300.jpg 213w\" sizes=\"(max-width: 565px) 100vw, 565px\" \/>\t\t\t\t\t\t\t\t\t\t\t\t\t\t\t<\/div>\n\t\t\t\t<div class=\"elementor-element elementor-element-f62aa37 elementor-widget elementor-widget-html\" data-id=\"f62aa37\" data-element_type=\"widget\" data-e-type=\"widget\" data-widget_type=\"html.default\">\n\t\t\t\t\t<h2>R\u00e9sum\u00e9<\/h2>\n<p>Princesse d\u2019\u00c9gypte, un titre honorifique, une b\u00e9n\u00e9diction, mais pas pour M\u00e9rytamon.<\/p>\n<p>Enfant du harem Royal du grand pharaon Rams\u00e8s II, M\u00e9rytamon a un avenir tout trac\u00e9. Bient\u00f4t, elle se mariera avec un homme qu\u2019elle n\u2019aura pas choisi, pour satisfaire la volont\u00e9 et le d\u00e9sir de son p\u00e8re, qui ne cherche qu\u2019une chose, la prot\u00e9ger du terrible secret qui entoure sa naissance et son existence.<\/p>\n<p>Il suffira d\u2019une seule rencontre, pour tout remettre en cause. Une \u00e2me s\u0153ur, un double, M\u00e9rytamon voit en lui l\u2019\u00e9lu de son c\u0153ur. Mais pour vivre cet amour, elle devra transgresser les r\u00e8gles.<\/p>\n<p>Devra-t-elle trahir les siens pour pouvoir obtenir sa libert\u00e9 ? L\u2019amour peut-il aller \u00e0 l\u2019encontre des r\u00e8gles ancestrales ?<\/p>\n\n<a href=\"https:\/\/www.amazon.fr\/M%C3%A9rytamon-Princesse-Royale-Kl%C3%A9o-ebook\/dp\/B0CNNNLGBS\" class=\"bouton-noir\">Acheter<\/a>\t\t\t\t<\/div>\n\t\t\t\t\t<\/div>\n\t\t\t\t<\/div>\n\t\t<div class=\"elementor-element elementor-element-48a7ea3 e-flex e-con-boxed e-con e-parent\" data-id=\"48a7ea3\" data-element_type=\"container\" data-e-type=\"container\">\n\t\t\t\t\t<div class=\"e-con-inner\">\n\t\t\t\t<div class=\"elementor-element elementor-element-9aa7ae3 elementor-widget elementor-widget-html\" data-id=\"9aa7ae3\" data-element_type=\"widget\" data-e-type=\"widget\" data-widget_type=\"html.default\">\n\t\t\t\t\t<style>\n.social-buttons-container {\n  display: flex;\n  gap: 12px; \n  justify-content: center;\n}\n\n\n.social-btn {\n  display: inline-flex; \n  align-items: center;\n  justify-content: center;\n  width: 45px;  \n  height: 45px; \n  border-radius: 50%; \n  color: #ffffff;      \n  text-decoration: none; \n  font-size: 20px;       \n  transition: transform 0.3s ease, opacity 0.3s ease; \n}\n\n\n.social-btn:hover {\n  transform: scale(1.1);\n  opacity: 0.85;\n}\n\n.social-btn.facebook {\n  background-color: #1877F2;\n}\n\n.social-btn.instagram {\n  background-color: #E4405F;\n  \n}\n\n.social-btn.tiktok {\n  background-color: #000000;\n}\n\n.social-btn .fa-brands {\n  line-height: 1; \n}\n<\/style>\n\n<div class=\"social-buttons-container\">\n\n  <a href=\"https:\/\/www.facebook.com\/profile.php?id=100091706239171\" target=\"_blank\" rel=\"noopener noreferrer\" class=\"social-btn facebook\" aria-label=\"Suivez-nous sur Facebook\">\n    <img decoding=\"async\" src=\"https:\/\/static.xx.fbcdn.net\/rsrc.php\/yx\/r\/e9sqr8WnkCf.ico\" alt=\"Facebook\">\n  <\/a>\n\n  <a href=\"https:\/\/www.instagram.com\/kleo__auteur\/\" target=\"_blank\" rel=\"noopener noreferrer\" class=\"social-btn instagram\" aria-label=\"Suivez-nous sur Instagram\">\n    <img decoding=\"async\" src=\"https:\/\/static.cdninstagram.com\/rsrc.php\/v4\/yR\/r\/lam-fZmwmvn.png\" alt=\"Instagram\">\n  <\/a>\n\n  <a href=\"https:\/\/www.tiktok.com\/@stepau12\" target=\"_blank\" rel=\"noopener noreferrer\" class=\"social-btn tiktok\" aria-label=\"Suivez-nous sur TikTok\">\n    <img decoding=\"async\" src=\"https:\/\/sf-static.tiktokcdn.com\/obj\/eden-sg\/uhtyvueh7nulogpoguhm\/tiktok-icon2.png\" alt=\"TikTok\">\n  <\/a>\n<\/div>\t\t\t\t<\/div>\n\t\t\t\t\t<\/div>\n\t\t\t\t<\/div>\n\t\t\t\t<\/div>\n\t\t","protected":false},"excerpt":{"rendered":"<p>R\u00e9sum\u00e9 Lorsque Samuele revient \u00e0 Paris, il n\u2019a qu\u2019un objectif en t\u00eate : vaincre les Marbria et s\u2019approprier leur bien le plus pr\u00e9cieux afin d\u2019assouvir sa soif de vengeance apr\u00e8s tant de souffrances. D\u00e9termin\u00e9, il se lance dans cette qu\u00eate qu\u2019il esp\u00e8re \u00eatre sa plus grande victoire. Pour y parvenir sans \u00e9veiller de soup\u00e7ons, il&hellip;&nbsp;<\/p>\n","protected":false},"author":1,"featured_media":0,"parent":0,"menu_order":0,"comment_status":"closed","ping_status":"closed","template":"page-templates\/template-pagebuilder-full-width.php","meta":{"_seopress_robots_primary_cat":"","_seopress_titles_title":"","_seopress_titles_desc":"","_seopress_robots_index":"","neve_meta_sidebar":"","neve_meta_container":"","neve_meta_enable_content_width":"","neve_meta_content_width":0,"neve_meta_title_alignment":"","neve_meta_author_avatar":"","neve_post_elements_order":"","neve_meta_disable_header":"","neve_meta_disable_footer":"","neve_meta_disable_title":"","footnotes":""},"class_list":["post-124","page","type-page","status-publish","hentry"],"_links":{"self":[{"href":"https:\/\/www.universdekleo.fr\/index.php\/wp-json\/wp\/v2\/pages\/124","targetHints":{"allow":["GET"]}}],"collection":[{"href":"https:\/\/www.universdekleo.fr\/index.php\/wp-json\/wp\/v2\/pages"}],"about":[{"href":"https:\/\/www.universdekleo.fr\/index.php\/wp-json\/wp\/v2\/types\/page"}],"author":[{"embeddable":true,"href":"https:\/\/www.universdekleo.fr\/index.php\/wp-json\/wp\/v2\/users\/1"}],"replies":[{"embeddable":true,"href":"https:\/\/www.universdekleo.fr\/index.php\/wp-json\/wp\/v2\/comments?post=124"}],"version-history":[{"count":55,"href":"https:\/\/www.universdekleo.fr\/index.php\/wp-json\/wp\/v2\/pages\/124\/revisions"}],"predecessor-version":[{"id":313,"href":"https:\/\/www.universdekleo.fr\/index.php\/wp-json\/wp\/v2\/pages\/124\/revisions\/313"}],"wp:attachment":[{"href":"https:\/\/www.universdekleo.fr\/index.php\/wp-json\/wp\/v2\/media?parent=124"}],"curies":[{"name":"wp","href":"https:\/\/api.w.org\/{rel}","templated":true}]}}