{"id":111,"date":"2025-08-14T14:44:09","date_gmt":"2025-08-14T15:44:09","guid":{"rendered":"https:\/\/www.universdekleo.fr\/?page_id=111"},"modified":"2025-11-11T13:52:10","modified_gmt":"2025-11-11T14:52:10","slug":"accueil","status":"publish","type":"page","link":"https:\/\/www.universdekleo.fr\/","title":{"rendered":"accueil"},"content":{"rendered":"\t\t<div data-elementor-type=\"wp-page\" data-elementor-id=\"111\" class=\"elementor elementor-111\">\n\t\t\t\t<div class=\"elementor-element elementor-element-8e35229 e-grid e-con-boxed e-con e-parent\" data-id=\"8e35229\" data-element_type=\"container\" data-e-type=\"container\">\n\t\t\t\t\t<div class=\"e-con-inner\">\n\t\t\t\t<div class=\"elementor-element elementor-element-93089ce elementor-widget elementor-widget-image\" data-id=\"93089ce\" data-element_type=\"widget\" data-e-type=\"widget\" data-widget_type=\"image.default\">\n\t\t\t\t\t\t\t\t\t\t\t\t\t\t\t<img alt=\"\" decoding=\"async\" width=\"150\" height=\"150\" src=\"https:\/\/www.universdekleo.fr\/wp-content\/uploads\/2025\/07\/cropped-logo-1-150x150.png\" class=\"attachment-thumbnail size-thumbnail wp-image-43\" alt=\"\" srcset=\"https:\/\/www.universdekleo.fr\/wp-content\/uploads\/2025\/07\/cropped-logo-1-150x150.png 150w, https:\/\/www.universdekleo.fr\/wp-content\/uploads\/2025\/07\/cropped-logo-1-300x300.png 300w, https:\/\/www.universdekleo.fr\/wp-content\/uploads\/2025\/07\/cropped-logo-1-270x270.png 270w, https:\/\/www.universdekleo.fr\/wp-content\/uploads\/2025\/07\/cropped-logo-1-192x192.png 192w, https:\/\/www.universdekleo.fr\/wp-content\/uploads\/2025\/07\/cropped-logo-1-180x180.png 180w, https:\/\/www.universdekleo.fr\/wp-content\/uploads\/2025\/07\/cropped-logo-1-32x32.png 32w, https:\/\/www.universdekleo.fr\/wp-content\/uploads\/2025\/07\/cropped-logo-1.png 512w\" sizes=\"(max-width: 150px) 100vw, 150px\" \/>\t\t\t\t\t\t\t\t\t\t\t\t\t\t\t<\/div>\n\t\t\t\t<div class=\"elementor-element elementor-element-ad2d40c elementor-widget elementor-widget-html\" data-id=\"ad2d40c\" data-element_type=\"widget\" data-e-type=\"widget\" data-widget_type=\"html.default\">\n\t\t\t\t\t<style>\n  .btns-accueil {\n    display: flex;\n    justify-content: center;   \/* centre horizontalement *\/\n    align-items: center;       \/* centre verticalement *\/\n    flex-wrap: wrap;\n    gap: 12px;\n    padding: 12px;\n    min-height: 180px;         \/* hauteur du bloc \u00e0 ajuster *\/\n    box-sizing: border-box;\n  }\n\n  .btn-acceuil {\n    display: inline-block;\n    padding: 12px 20px;\n    background: #440270;\n    color: #fff;\n    text-decoration: none;\n    font-weight: 600;\n    border-radius: 6px;\n    line-height: 1;\n    text-align: center;\n  }\n  .btn-acceuil:hover{\n    background: #6a00b0;\n    color :#FFFFFF;\n  }\n<\/style>\n\n<div class=\"btns-accueil\">\n  <a class=\"btn-acceuil\" href=\"https:\/\/www.universdekleo.fr\/index.php\/livres\/\">D\u00e9couvrir mes livres<\/a>\n  <a class=\"btn-acceuil\" href=\"https:\/\/www.universdekleo.fr\/index.php\/actualites\/\">Mes actualit\u00e9s<\/a>\n<\/div>\n\t\t\t\t<\/div>\n\t\t\t\t\t<\/div>\n\t\t\t\t<\/div>\n\t\t<div class=\"elementor-element elementor-element-f865795 e-flex e-con-boxed e-con e-parent\" data-id=\"f865795\" data-element_type=\"container\" data-e-type=\"container\">\n\t\t\t\t\t<div class=\"e-con-inner\">\n\t\t\t\t<div class=\"elementor-element elementor-element-0e286cc elementor-widget elementor-widget-html\" data-id=\"0e286cc\" data-element_type=\"widget\" data-e-type=\"widget\" data-widget_type=\"html.default\">\n\t\t\t\t\t<p>\u00c0 propos de moi \n\n\nromances historiques et contemporaines, j\u2019\u00e9cris depuis l\u2019enfance. Longtemps frein\u00e9e par le manque de confiance, je suis aujourd\u2019hui pr\u00eate \u00e0 partager avec vous mes histoires d\u2019amour \u2014 mes \u201cpetites romances\u201d, comme j\u2019aime les appeler.\n\n<\/p>\n<h4>Qui suis\u2011je ?<\/h4>\n<p>Enseignante en maternelle, maman de deux grands gar\u00e7ons (le temps file !), j\u2019\u00e9cris t\u00f4t le matin et le soir, quand la maison se fait plus douce. J\u2019\u00e9cris avec mon c\u0153ur, port\u00e9e par ma sensibilit\u00e9, pour raconter des \u00e9motions qui r\u00e9sonnent.<\/p>\n<p>Je ne suis pas la plus connue des romanci\u00e8res, et le syndrome de l\u2019imposteur me chuchote encore \u00e0 l\u2019oreille. Mais le plaisir d\u2019\u00e9crire \u2014 et de vous \u00e9mouvoir \u2014 passe avant tout. Mon souhait: que chaque lecture vous offre un moment hors du temps.<\/p>\n<p>Sur ce site, vous trouverez mes parutions en auto\u00e9dition ainsi que mes titres publi\u00e9s chez Plumes de Mimi \u00c9ditions. Bienvenue dans mon univers.ant tout et j'essaie de le faire aussi \u00e0 mes lecteurs. <\/p>\n\t\t\t\t<\/div>\n\t\t\t\t\t<\/div>\n\t\t\t\t<\/div>\n\t\t<div class=\"elementor-element elementor-element-7daee46 e-flex e-con-boxed e-con e-parent\" data-id=\"7daee46\" data-element_type=\"container\" data-e-type=\"container\">\n\t\t\t\t\t<div class=\"e-con-inner\">\n\t\t\t\t<div class=\"elementor-element elementor-element-be625e0 elementor-widget elementor-widget-html\" data-id=\"be625e0\" data-element_type=\"widget\" data-e-type=\"widget\" data-widget_type=\"html.default\">\n\t\t\t\t\t<style>\n.social-buttons-container {\n  display: flex;\n  gap: 12px; \n  justify-content: center;\n}\n\n\n.social-btn {\n  display: inline-flex; \n  align-items: center;\n  justify-content: center;\n  width: 45px;  \n  height: 45px; \n  border-radius: 50%; \n  color: #ffffff;      \n  text-decoration: none; \n  font-size: 20px;       \n  transition: transform 0.3s ease, opacity 0.3s ease; \n}\n\n\n.social-btn:hover {\n  transform: scale(1.1);\n  opacity: 0.85;\n}\n\n.social-btn.facebook {\n  background-color: #1877F2;\n}\n\n.social-btn.instagram {\n  background-color: #E4405F;\n  \n}\n\n.social-btn.tiktok {\n  background-color: #000000;\n}\n\n.social-btn .fa-brands {\n  line-height: 1; \n}\n<\/style>\n\n<div class=\"social-buttons-container\">\n\n  <a href=\"https:\/\/www.facebook.com\/profile.php?id=100091706239171\" target=\"_blank\" rel=\"noopener noreferrer\" class=\"social-btn facebook\" aria-label=\"Suivez-nous sur Facebook\">\n    <img decoding=\"async\" src=\"https:\/\/static.xx.fbcdn.net\/rsrc.php\/yx\/r\/e9sqr8WnkCf.ico\" alt=\"Facebook\">\n  <\/a>\n\n  <a href=\"https:\/\/www.instagram.com\/kleo__auteur\/\" target=\"_blank\" rel=\"noopener noreferrer\" class=\"social-btn instagram\" aria-label=\"Suivez-nous sur Instagram\">\n    <img decoding=\"async\" src=\"https:\/\/static.cdninstagram.com\/rsrc.php\/v4\/yR\/r\/lam-fZmwmvn.png\" alt=\"Instagram\">\n  <\/a>\n\n  <a href=\"https:\/\/www.tiktok.com\/@stepau12\" target=\"_blank\" rel=\"noopener noreferrer\" class=\"social-btn tiktok\" aria-label=\"Suivez-nous sur TikTok\">\n    <img decoding=\"async\" src=\"https:\/\/sf-static.tiktokcdn.com\/obj\/eden-sg\/uhtyvueh7nulogpoguhm\/tiktok-icon2.png\" alt=\"TikTok\">\n  <\/a>\n<\/div>\t\t\t\t<\/div>\n\t\t\t\t\t<\/div>\n\t\t\t\t<\/div>\n\t\t\t\t<\/div>\n\t\t","protected":false},"excerpt":{"rendered":"<p>D\u00e9couvrir mes livres Mes actualit\u00e9s \u00c0 propos de moi romances historiques et contemporaines, j\u2019\u00e9cris depuis l\u2019enfance. Longtemps frein\u00e9e par le manque de confiance, je suis aujourd\u2019hui pr\u00eate \u00e0 partager avec vous mes histoires d\u2019amour \u2014 mes \u201cpetites romances\u201d, comme j\u2019aime les appeler. Qui suis\u2011je ? Enseignante en maternelle, maman de deux grands gar\u00e7ons (le temps&hellip;&nbsp;<\/p>\n","protected":false},"author":1,"featured_media":0,"parent":0,"menu_order":0,"comment_status":"closed","ping_status":"closed","template":"page-templates\/template-pagebuilder-full-width.php","meta":{"_seopress_robots_primary_cat":"","_seopress_titles_title":"Univers de Kleo","_seopress_titles_desc":"","_seopress_robots_index":"","neve_meta_sidebar":"","neve_meta_container":"","neve_meta_enable_content_width":"","neve_meta_content_width":0,"neve_meta_title_alignment":"","neve_meta_author_avatar":"","neve_post_elements_order":"","neve_meta_disable_header":"","neve_meta_disable_footer":"","neve_meta_disable_title":"","footnotes":""},"class_list":["post-111","page","type-page","status-publish","hentry"],"_links":{"self":[{"href":"https:\/\/www.universdekleo.fr\/index.php\/wp-json\/wp\/v2\/pages\/111","targetHints":{"allow":["GET"]}}],"collection":[{"href":"https:\/\/www.universdekleo.fr\/index.php\/wp-json\/wp\/v2\/pages"}],"about":[{"href":"https:\/\/www.universdekleo.fr\/index.php\/wp-json\/wp\/v2\/types\/page"}],"author":[{"embeddable":true,"href":"https:\/\/www.universdekleo.fr\/index.php\/wp-json\/wp\/v2\/users\/1"}],"replies":[{"embeddable":true,"href":"https:\/\/www.universdekleo.fr\/index.php\/wp-json\/wp\/v2\/comments?post=111"}],"version-history":[{"count":28,"href":"https:\/\/www.universdekleo.fr\/index.php\/wp-json\/wp\/v2\/pages\/111\/revisions"}],"predecessor-version":[{"id":266,"href":"https:\/\/www.universdekleo.fr\/index.php\/wp-json\/wp\/v2\/pages\/111\/revisions\/266"}],"wp:attachment":[{"href":"https:\/\/www.universdekleo.fr\/index.php\/wp-json\/wp\/v2\/media?parent=111"}],"curies":[{"name":"wp","href":"https:\/\/api.w.org\/{rel}","templated":true}]}}